{"id":5928,"date":"2024-06-07T14:10:43","date_gmt":"2024-06-07T14:10:43","guid":{"rendered":"https:\/\/auasetubal.shop\/produto\/choco\/"},"modified":"2025-03-17T21:43:24","modified_gmt":"2025-03-17T21:43:24","slug":"choco","status":"publish","type":"product","link":"https:\/\/auasetubal.shop\/fr\/produto\/choco\/","title":{"rendered":"Choco"},"content":{"rendered":"<p>\u2022 100% algod\u00e3o fiado em anel<br \/>\n\u2022 Cinza claro 90% algod\u00e3o fiado em anel e 10% poli\u00e9ster<br \/>\n\u2022 Cinza mesclado de 65% poli\u00e9ster e 35% algod\u00e3o<br \/>\n\u2022 153 g\/m\u00b2 (4,5 oz\/yd\u00b2)<br \/>\n\u2022 Costura de refor\u00e7o ombro a ombro<br \/>\n\u2022 Com rota\u00e7\u00e3o de um quarto de volta para evitar a forma\u00e7\u00e3o de vincos no meio<\/p>\n<p>Este produto \u00e9 feito para adultos.<br \/>\nCumpre os requisitos de inflamabilidade, chumbo, c\u00e1dmio, ftalatos e n\u00edvel de formalde\u00eddo.<br \/>\nGarantia de 2 anos no EEE e no Reino Unido, estabelecida pela Directiva 1999\/44\/CE.<\/p>\n","protected":false},"excerpt":{"rendered":"<p>\u2022 100% algod\u00e3o fiado em anel \u2022 Cinza claro 90% algod\u00e3o fiado em anel e 10% poli\u00e9ster \u2022 Cinza mesclado de 65% poli\u00e9ster e 35% algod\u00e3o \u2022 153 g\/m\u00b2 (4,5 oz\/yd\u00b2) \u2022 Costura de refor\u00e7o ombro a ombro \u2022 Com [&hellip;]<\/p>\n","protected":false},"featured_media":5974,"template":"","meta":{"inline_featured_image":false},"product_brand":[],"product_cat":[205],"product_tag":[],"class_list":{"0":"post-5928","1":"product","2":"type-product","3":"status-publish","4":"has-post-thumbnail","6":"product_cat-choco","8":"first","9":"instock","10":"featured","11":"taxable","12":"shipping-taxable","13":"purchasable","14":"product-type-variable"},"jetpack_sharing_enabled":true,"_links":{"self":[{"href":"https:\/\/auasetubal.shop\/fr\/wp-json\/wp\/v2\/product\/5928","targetHints":{"allow":["GET"]}}],"collection":[{"href":"https:\/\/auasetubal.shop\/fr\/wp-json\/wp\/v2\/product"}],"about":[{"href":"https:\/\/auasetubal.shop\/fr\/wp-json\/wp\/v2\/types\/product"}],"wp:featuredmedia":[{"embeddable":true,"href":"https:\/\/auasetubal.shop\/fr\/wp-json\/wp\/v2\/media\/5974"}],"wp:attachment":[{"href":"https:\/\/auasetubal.shop\/fr\/wp-json\/wp\/v2\/media?parent=5928"}],"wp:term":[{"taxonomy":"product_brand","embeddable":true,"href":"https:\/\/auasetubal.shop\/fr\/wp-json\/wp\/v2\/product_brand?post=5928"},{"taxonomy":"product_cat","embeddable":true,"href":"https:\/\/auasetubal.shop\/fr\/wp-json\/wp\/v2\/product_cat?post=5928"},{"taxonomy":"product_tag","embeddable":true,"href":"https:\/\/auasetubal.shop\/fr\/wp-json\/wp\/v2\/product_tag?post=5928"}],"curies":[{"name":"wp","href":"https:\/\/api.w.org\/{rel}","templated":true}]}}