{"id":6988,"date":"2024-08-08T20:27:05","date_gmt":"2024-08-08T20:27:05","guid":{"rendered":"https:\/\/auasetubal.shop\/sobre-nos\/"},"modified":"2025-03-13T12:55:27","modified_gmt":"2025-03-13T12:55:27","slug":"a-propos-de-nous","status":"publish","type":"page","link":"https:\/\/auasetubal.shop\/fr\/a-propos-de-nous\/","title":{"rendered":"\u00c0 propos de nous"},"content":{"rendered":"<div class=\"wpb-content-wrapper\"><p>[vc_section][vc_row css=\u00a0\u00bb.vc_custom_1723149023858{background-position: center !important;background-repeat: no-repeat !important;background-size: cover !important;}\u00a0\u00bb][vc_column width=\u00a0\u00bb1\/2&Prime; css=\u00a0\u00bb.vc_custom_1716232260046{background-repeat: no-repeat !important;background-size: cover !important;}\u00a0\u00bb][vc_column_text css=\u00a0\u00bb\u00a0\u00bb]<\/p>\n<h1>Set\u00fabal sur la peau<\/h1>\n<p>Une nouvelle peau pour tous ceux qui aiment la ville de le Sado et d&rsquo;Arr\u00e1bida, inspir\u00e9e par l&rsquo;exclamation vibrante qui annonce un\u00a0<em>setubalense<\/em>\u00a0partout dans le monde &#8211; <em>a\u00faa<\/em> !<\/p>\n<p>Le sel de la mer et des larmes, la douceur de la rivi\u00e8re et de la joie, la sueur du travail et des r\u00e9alisations, les h\u00e9ro\u00efnes et les h\u00e9ros &#8211; tout ce que Set\u00fabal \u00e9tait, est et sera, c\u00e9l\u00e9br\u00e9 dans une marque n\u00e9e au c\u0153ur de la ville, cr\u00e9\u00e9e par ceux qui vivent ici, avec l&rsquo;ambition d&#8217;emmener cette peau unique aux quatre coins du monde.<\/p>\n<p>Chaque pi\u00e8ce est comme le tissu de la ville : marqu\u00e9e par le temps, mais riche d\u2019histoires. Les textures et les designs sont soigneusement pens\u00e9s pour capturer l&rsquo;essence de Set\u00fabal.<\/p>\n<p>Plus qu&rsquo;un v\u00eatement, c&rsquo;est une exp\u00e9rience. C&rsquo;est emporter un morceau de Set\u00fabal avec nous, o\u00f9 que nous allions.<br \/>\nRejoignez-nous dans ce voyage et ressentez la fiert\u00e9 de porter une histoire, de porter l\u2019\u00e2me d\u2019une ville qui vit intens\u00e9ment.[\/vc_column_text][vc_empty_space height=\u00a0\u00bb40px\u00a0\u00bb]<a itemprop=\"url\" href=\"\/fr\/boutique\/\" target=\"_self\"  class=\"edge-btn edge-btn-large edge-btn-solid\"  >\n    <span class=\"edge-btn-text\">Voir le catalogue<\/span>\n    <\/a>[\/vc_column][vc_column width=\u00a0\u00bb1\/2&Prime;][vc_single_image image=\u00a0\u00bb6935&Prime; img_size=\u00a0\u00bbfull\u00a0\u00bb css_animation=\u00a0\u00bbfadeInUp\u00a0\u00bb css=\u00a0\u00bb\u00a0\u00bb][\/vc_column][\/vc_row][\/vc_section][vc_section][vc_row][vc_column][vc_empty_space height=\u00a0\u00bb60px\u00a0\u00bb][vc_column_text css=\u00a0\u00bb\u00a0\u00bb]<\/p>\n<h2>Parlez-nous<\/h2>\n<p>Des questions? Nous sommes l\u00e0 por vous.<br \/>\n<a href=\"mailto:help@auasetubal.shop\">help@auasetubal.shop<\/a>[\/vc_column_text][vc_empty_space height=\u00a0\u00bb20px\u00a0\u00bb][vc_row_inner][vc_column_inner width=\u00a0\u00bb1\/2&Prime;]\n<div class=\"wpcf7 no-js\" id=\"wpcf7-f6999-o1\" lang=\"fr-FR\" dir=\"ltr\" data-wpcf7-id=\"6999\">\n<div class=\"screen-reader-response\"><p role=\"status\" aria-live=\"polite\" aria-atomic=\"true\"><\/p> <ul><\/ul><\/div>\n<form action=\"\/fr\/wp-json\/wp\/v2\/pages\/6988#wpcf7-f6999-o1\" method=\"post\" class=\"wpcf7-form init\" aria-label=\"Formulaire de contact\" novalidate=\"novalidate\" data-status=\"init\">\n<fieldset class=\"hidden-fields-container\"><input type=\"hidden\" name=\"_wpcf7\" value=\"6999\" \/><input type=\"hidden\" name=\"_wpcf7_version\" value=\"6.1.5\" \/><input type=\"hidden\" name=\"_wpcf7_locale\" value=\"fr_FR\" \/><input type=\"hidden\" name=\"_wpcf7_unit_tag\" value=\"wpcf7-f6999-o1\" \/><input type=\"hidden\" name=\"_wpcf7_container_post\" value=\"0\" \/><input type=\"hidden\" name=\"_wpcf7_posted_data_hash\" value=\"\" \/><input type=\"hidden\" name=\"_wpcf7_recaptcha_response\" value=\"\" \/>\n<\/fieldset>\n<p><label> Votre nom<br \/>\n<span class=\"wpcf7-form-control-wrap\" data-name=\"your-name\"><input size=\"40\" maxlength=\"400\" class=\"wpcf7-form-control wpcf7-text wpcf7-validates-as-required\" autocomplete=\"name\" aria-required=\"true\" aria-invalid=\"false\" value=\"\" type=\"text\" name=\"your-name\" \/><\/span> <\/label>\n<\/p>\n<p><label> Votre email<br \/>\n<span class=\"wpcf7-form-control-wrap\" data-name=\"your-email\"><input size=\"40\" maxlength=\"400\" class=\"wpcf7-form-control wpcf7-email wpcf7-validates-as-required wpcf7-text wpcf7-validates-as-email\" autocomplete=\"email\" aria-required=\"true\" aria-invalid=\"false\" value=\"\" type=\"email\" name=\"your-email\" \/><\/span> <\/label>\n<\/p>\n<p><label> Message<br \/>\n<span class=\"wpcf7-form-control-wrap\" data-name=\"your-message\"><textarea cols=\"40\" rows=\"10\" maxlength=\"2000\" class=\"wpcf7-form-control wpcf7-textarea wpcf7-validates-as-required\" aria-required=\"true\" aria-invalid=\"false\" name=\"your-message\"><\/textarea><\/span> <\/label>\n<\/p>\n<p><input class=\"wpcf7-form-control wpcf7-submit has-spinner\" type=\"submit\" value=\"Envoyer\" \/>\n<\/p><div class=\"wpcf7-response-output\" aria-hidden=\"true\"><\/div>\n<\/form>\n<\/div>\n[vc_empty_space height=\u00a0\u00bb80px\u00a0\u00bb][\/vc_column_inner][vc_column_inner width=\u00a0\u00bb1\/2&Prime;][\/vc_column_inner][\/vc_row_inner][\/vc_column][\/vc_row][\/vc_section]<\/p>\n<\/div>","protected":false},"excerpt":{"rendered":"<p>[vc_section][vc_row css=\u00a0\u00bb.vc_custom_1723149023858{background-position: center !important;background-repeat: no-repeat !important;background-size: cover !important;}\u00a0\u00bb][vc_column width=\u00a0\u00bb1\/2&Prime; css=\u00a0\u00bb.vc_custom_1716232260046{background-repeat: no-repeat !important;background-size: cover !important;}\u00a0\u00bb][vc_column_text css=\u00a0\u00bb\u00a0\u00bb] Set\u00fabal sur la peau Une nouvelle peau pour tous ceux qui aiment la ville de le Sado et d&rsquo;Arr\u00e1bida, inspir\u00e9e par l&rsquo;exclamation vibrante qui annonce [&hellip;]<\/p>\n","protected":false},"author":1,"featured_media":0,"parent":0,"menu_order":0,"comment_status":"closed","ping_status":"closed","template":"","meta":{"inline_featured_image":false,"footnotes":""},"class_list":["post-6988","page","type-page","status-publish","hentry"],"jetpack_sharing_enabled":true,"_links":{"self":[{"href":"https:\/\/auasetubal.shop\/fr\/wp-json\/wp\/v2\/pages\/6988","targetHints":{"allow":["GET"]}}],"collection":[{"href":"https:\/\/auasetubal.shop\/fr\/wp-json\/wp\/v2\/pages"}],"about":[{"href":"https:\/\/auasetubal.shop\/fr\/wp-json\/wp\/v2\/types\/page"}],"author":[{"embeddable":true,"href":"https:\/\/auasetubal.shop\/fr\/wp-json\/wp\/v2\/users\/1"}],"replies":[{"embeddable":true,"href":"https:\/\/auasetubal.shop\/fr\/wp-json\/wp\/v2\/comments?post=6988"}],"version-history":[{"count":3,"href":"https:\/\/auasetubal.shop\/fr\/wp-json\/wp\/v2\/pages\/6988\/revisions"}],"predecessor-version":[{"id":7001,"href":"https:\/\/auasetubal.shop\/fr\/wp-json\/wp\/v2\/pages\/6988\/revisions\/7001"}],"wp:attachment":[{"href":"https:\/\/auasetubal.shop\/fr\/wp-json\/wp\/v2\/media?parent=6988"}],"curies":[{"name":"wp","href":"https:\/\/api.w.org\/{rel}","templated":true}]}}