{"id":5615,"date":"2017-05-04T08:24:53","date_gmt":"2017-05-04T08:24:53","guid":{"rendered":"https:\/\/auasetubal.shop\/contacto\/"},"modified":"2026-04-08T15:25:53","modified_gmt":"2026-04-08T15:25:53","slug":"contacto","status":"publish","type":"page","link":"https:\/\/auasetubal.shop\/fr\/contacto\/","title":{"rendered":"Contact"},"content":{"rendered":"<div class=\"wpb-content-wrapper\"><p>[vc_row][vc_column][vc_column_text css=\u00a0\u00bb\u00a0\u00bb]<\/p>\n<h2>Showroom<\/h2>\n<p>Venez d\u00e9couvrir notre nouveau showroom, situ\u00e9 Avenida Galeria Parque, Av. Lu\u00edsa Todi, en face du restaurant Novo 10.<\/p>\n<p>Av. Lu\u00edsa Todi, 277, 2e \u00e9tage, Boutique E2<\/p>\n<p><a href=\"https:\/\/maps.app.goo.gl\/Qkq1mymSd1nbbhTR7\" target=\"_blank\" rel=\"noopener\">Plan d&rsquo;acc\u00e8s<\/a><\/p>\n<h2>Parlez avec nous<\/h2>\n<p>Nous sommes \u00e0 Set\u00fabal, Portugal.<br \/>\nContactez-nous \u00e0 <a href=\"mailto:help@auasetubal.shop\">help@auasetubal.shop<\/a> ou en utilisant le formulaire ci-dessous.[\/vc_column_text][\/vc_column][\/vc_row][vc_row][vc_column width=\u00a0\u00bb1\/3&Prime;][vc_empty_space height=\u00a0\u00bb14px\u00a0\u00bb]\n<div class=\"wpcf7 no-js\" id=\"wpcf7-f6999-o1\" lang=\"fr-FR\" dir=\"ltr\" data-wpcf7-id=\"6999\">\n<div class=\"screen-reader-response\"><p role=\"status\" aria-live=\"polite\" aria-atomic=\"true\"><\/p> <ul><\/ul><\/div>\n<form action=\"\/fr\/wp-json\/wp\/v2\/pages\/5615#wpcf7-f6999-o1\" method=\"post\" class=\"wpcf7-form init\" aria-label=\"Formulaire de contact\" novalidate=\"novalidate\" data-status=\"init\">\n<fieldset class=\"hidden-fields-container\"><input type=\"hidden\" name=\"_wpcf7\" value=\"6999\" \/><input type=\"hidden\" name=\"_wpcf7_version\" value=\"6.1.5\" \/><input type=\"hidden\" name=\"_wpcf7_locale\" value=\"fr_FR\" \/><input type=\"hidden\" name=\"_wpcf7_unit_tag\" value=\"wpcf7-f6999-o1\" \/><input type=\"hidden\" name=\"_wpcf7_container_post\" value=\"0\" \/><input type=\"hidden\" name=\"_wpcf7_posted_data_hash\" value=\"\" \/><input type=\"hidden\" name=\"_wpcf7_recaptcha_response\" value=\"\" \/>\n<\/fieldset>\n<p><label> Votre nom<br \/>\n<span class=\"wpcf7-form-control-wrap\" data-name=\"your-name\"><input size=\"40\" maxlength=\"400\" class=\"wpcf7-form-control wpcf7-text wpcf7-validates-as-required\" autocomplete=\"name\" aria-required=\"true\" aria-invalid=\"false\" value=\"\" type=\"text\" name=\"your-name\" \/><\/span> <\/label>\n<\/p>\n<p><label> Votre email<br \/>\n<span class=\"wpcf7-form-control-wrap\" data-name=\"your-email\"><input size=\"40\" maxlength=\"400\" class=\"wpcf7-form-control wpcf7-email wpcf7-validates-as-required wpcf7-text wpcf7-validates-as-email\" autocomplete=\"email\" aria-required=\"true\" aria-invalid=\"false\" value=\"\" type=\"email\" name=\"your-email\" \/><\/span> <\/label>\n<\/p>\n<p><label> Message<br \/>\n<span class=\"wpcf7-form-control-wrap\" data-name=\"your-message\"><textarea cols=\"40\" rows=\"10\" maxlength=\"2000\" class=\"wpcf7-form-control wpcf7-textarea wpcf7-validates-as-required\" aria-required=\"true\" aria-invalid=\"false\" name=\"your-message\"><\/textarea><\/span> <\/label>\n<\/p>\n<p><input class=\"wpcf7-form-control wpcf7-submit has-spinner\" type=\"submit\" value=\"Envoyer\" \/>\n<\/p><div class=\"wpcf7-response-output\" aria-hidden=\"true\"><\/div>\n<\/form>\n<\/div>\n[vc_empty_space height=\u00a0\u00bb30px\u00a0\u00bb][\/vc_column][vc_column width=\u00a0\u00bb1\/3&Prime;][\/vc_column][vc_column width=\u00a0\u00bb1\/3&Prime;][\/vc_column][\/vc_row]<\/p>\n<\/div>","protected":false},"excerpt":{"rendered":"<p>[vc_row][vc_column][vc_column_text css=\u00a0\u00bb\u00a0\u00bb] Showroom Venez d\u00e9couvrir notre nouveau showroom, situ\u00e9 Avenida Galeria Parque, Av. Lu\u00edsa Todi, en face du restaurant Novo 10. Av. Lu\u00edsa Todi, 277, 2e \u00e9tage, Boutique E2 Plan d&rsquo;acc\u00e8s Parlez avec nous Nous sommes \u00e0 Set\u00fabal, Portugal. Contactez-nous [&hellip;]<\/p>\n","protected":false},"author":1,"featured_media":0,"parent":0,"menu_order":0,"comment_status":"closed","ping_status":"closed","template":"","meta":{"inline_featured_image":false,"footnotes":""},"class_list":["post-5615","page","type-page","status-publish","hentry"],"jetpack_sharing_enabled":true,"_links":{"self":[{"href":"https:\/\/auasetubal.shop\/fr\/wp-json\/wp\/v2\/pages\/5615","targetHints":{"allow":["GET"]}}],"collection":[{"href":"https:\/\/auasetubal.shop\/fr\/wp-json\/wp\/v2\/pages"}],"about":[{"href":"https:\/\/auasetubal.shop\/fr\/wp-json\/wp\/v2\/types\/page"}],"author":[{"embeddable":true,"href":"https:\/\/auasetubal.shop\/fr\/wp-json\/wp\/v2\/users\/1"}],"replies":[{"embeddable":true,"href":"https:\/\/auasetubal.shop\/fr\/wp-json\/wp\/v2\/comments?post=5615"}],"version-history":[{"count":4,"href":"https:\/\/auasetubal.shop\/fr\/wp-json\/wp\/v2\/pages\/5615\/revisions"}],"predecessor-version":[{"id":7557,"href":"https:\/\/auasetubal.shop\/fr\/wp-json\/wp\/v2\/pages\/5615\/revisions\/7557"}],"wp:attachment":[{"href":"https:\/\/auasetubal.shop\/fr\/wp-json\/wp\/v2\/media?parent=5615"}],"curies":[{"name":"wp","href":"https:\/\/api.w.org\/{rel}","templated":true}]}}