{"id":5574,"date":"2024-05-17T14:14:31","date_gmt":"2024-05-17T14:14:31","guid":{"rendered":"https:\/\/auasetubal.shop\/home\/"},"modified":"2024-06-21T17:39:06","modified_gmt":"2024-06-21T17:39:06","slug":"home","status":"publish","type":"page","link":"https:\/\/auasetubal.shop\/fr\/","title":{"rendered":"La mode \u00e0 Set\u00fabal"},"content":{"rendered":"<div class=\"wpb-content-wrapper\"><p>[vc_section][vc_row el_class=\u00a0\u00bbaua-hero\u00a0\u00bb css=\u00a0\u00bb.vc_custom_1716232269979{background-image: url(https:\/\/auasetubal.shop\/wp-content\/uploads\/2024\/05\/hero-bg.jpg?id=81) !important;background-position: center !important;background-repeat: no-repeat !important;background-size: cover !important;}\u00a0\u00bb][vc_column css=\u00a0\u00bb.vc_custom_1716232260046{background-position: center !important;background-repeat: no-repeat !important;background-size: cover !important;}\u00a0\u00bb][vc_column_text]<\/p>\n<h1>Set\u00fabal sur la peau.<\/h1>\n<p>On peut maintenant montrer l&rsquo;amour pour la plus belle ville de la plan\u00e8te.<br \/>\nEmporte avec toi l&rsquo;\u00e2me de Sado et d&rsquo;Arr\u00e1bida.[\/vc_column_text][vc_empty_space height=\u00a0\u00bb20px\u00a0\u00bb]<a itemprop=\"url\" href=\"\/catalogo\" target=\"_self\"  class=\"edge-btn edge-btn-large edge-btn-solid\"  >\n    <span class=\"edge-btn-text\">Ver cat\u00e1logo<\/span>\n    <\/a>[\/vc_column][\/vc_row][\/vc_section][vc_section css=\u00a0\u00bb.vc_custom_1716233611971{margin-top: 100px !important;}\u00a0\u00bb][vc_row][vc_column offset=\u00a0\u00bbvc_hidden-xs\u00a0\u00bb]<div class=\"edge-section-title-holder\" style=\"text-align: left\">\n\t\n\t\t<h2 class=\"edge-st-title\" >\n            \n\t\t\t<span>\n                COLLECTIONS            <\/span>\n\n            \n\t\t<\/h2>\n\n\t\n<\/div>[vc_empty_space height=\u00a0\u00bb20px\u00a0\u00bb]<div class=\"edge-elements-holder edge-three-columns edge-responsive-mode-768\" ><div class=\"edge-eh-item \"  data-item-class=\"edge-eh-custom-382295\">\n\t<div class=\"edge-eh-item-inner\">\n\t\t<div class=\"edge-eh-item-content edge-eh-custom-382295\" >\n\t\t\t\n\t<div class=\"edge-floating-prod-cats-holder clearfix edge-normal-space edge-three-columns\">\n\t\t<div class=\"edge-floating-prod-cat-holder-inner clearfix\">\n\t\t\t<div class=\"edge-floating-prod-cat \">\n\n    <div class=\"edge-floating-cat-inner\">\n        <div class=\"edge-floating-cat-wrapper\"  >\n\n            <div class=\"edge-floating-cat-content\">\n                <h4 class=\"edge-category-title\">\n                    <a href=\"https:\/\/auasetubal.shop\/fr\/categoria-produto\/sem-categoria\/\">\n                        Sem categoria                    <\/a>\n                <\/h4>\n                                    <span class=\"edge-floating-cat-price-holder\">\n                    From $                        <span>\n                        28.90                    <\/span>\n                <\/span>\n                <a itemprop=\"url\" href=\"https:\/\/auasetubal.shop\/fr\/categoria-produto\/sem-categoria\/\" target=\"_self\"  class=\"edge-btn edge-btn-medium edge-btn-simple\"  >    <span class=\"edge-btn-text\">Shop now<\/span>    <\/a>            <\/div>\n\n        <\/div>\n    <\/div>\n\n<\/div><div class=\"edge-floating-prod-cat \">\n\n    <div class=\"edge-floating-cat-inner\">\n        <div class=\"edge-floating-cat-wrapper\"  style=\"background-image: url(https:\/\/auasetubal.shop\/wp-content\/uploads\/2024\/06\/baloes-cat.png)\">\n\n            <div class=\"edge-floating-cat-content\">\n                <h4 class=\"edge-category-title\">\n                    <a href=\"https:\/\/auasetubal.shop\/fr\/categoria-produto\/bulles-collection\/\">\n                        Bulles Collection                    <\/a>\n                <\/h4>\n                                    <span class=\"edge-floating-cat-price-holder\">\n                    From $                        <span>\n                        16.90                    <\/span>\n                <\/span>\n                <a itemprop=\"url\" href=\"https:\/\/auasetubal.shop\/fr\/categoria-produto\/bulles-collection\/\" target=\"_self\"  class=\"edge-btn edge-btn-medium edge-btn-simple\"  >    <span class=\"edge-btn-text\">Shop now<\/span>    <\/a>            <\/div>\n\n        <\/div>\n    <\/div>\n\n<\/div><div class=\"edge-floating-prod-cat \">\n\n    <div class=\"edge-floating-cat-inner\">\n        <div class=\"edge-floating-cat-wrapper\"  style=\"background-image: url(https:\/\/auasetubal.shop\/wp-content\/uploads\/2024\/06\/chique-cat.jpg)\">\n\n            <div class=\"edge-floating-cat-content\">\n                <h4 class=\"edge-category-title\">\n                    <a href=\"https:\/\/auasetubal.shop\/fr\/categoria-produto\/chic-collection-fr\/\">\n                        Chic Collection                    <\/a>\n                <\/h4>\n                                    <span class=\"edge-floating-cat-price-holder\">\n                    From $                        <span>\n                        20.90                    <\/span>\n                <\/span>\n                <a itemprop=\"url\" href=\"https:\/\/auasetubal.shop\/fr\/categoria-produto\/chic-collection-fr\/\" target=\"_self\"  class=\"edge-btn edge-btn-medium edge-btn-simple\"  >    <span class=\"edge-btn-text\">Shop now<\/span>    <\/a>            <\/div>\n\n        <\/div>\n    <\/div>\n\n<\/div><div class=\"edge-floating-prod-cat \">\n\n    <div class=\"edge-floating-cat-inner\">\n        <div class=\"edge-floating-cat-wrapper\"  style=\"background-image: url(https:\/\/auasetubal.shop\/wp-content\/uploads\/2024\/06\/choco-cat.png)\">\n\n            <div class=\"edge-floating-cat-content\">\n                <h4 class=\"edge-category-title\">\n                    <a href=\"https:\/\/auasetubal.shop\/fr\/categoria-produto\/seiche-collection\/\">\n                        Seiche Collection                    <\/a>\n                <\/h4>\n                                    <span class=\"edge-floating-cat-price-holder\">\n                    From $                        <span>\n                        20.90                    <\/span>\n                <\/span>\n                <a itemprop=\"url\" href=\"https:\/\/auasetubal.shop\/fr\/categoria-produto\/seiche-collection\/\" target=\"_self\"  class=\"edge-btn edge-btn-medium edge-btn-simple\"  >    <span class=\"edge-btn-text\">Shop now<\/span>    <\/a>            <\/div>\n\n        <\/div>\n    <\/div>\n\n<\/div><div class=\"edge-floating-prod-cat \">\n\n    <div class=\"edge-floating-cat-inner\">\n        <div class=\"edge-floating-cat-wrapper\"  style=\"background-image: url(https:\/\/auasetubal.shop\/wp-content\/uploads\/2024\/06\/icones-cat.jpg)\">\n\n            <div class=\"edge-floating-cat-content\">\n                <h4 class=\"edge-category-title\">\n                    <a href=\"https:\/\/auasetubal.shop\/fr\/categoria-produto\/icones-collection\/\">\n                        \u00cecones Collection                    <\/a>\n                <\/h4>\n                                    <span class=\"edge-floating-cat-price-holder\">\n                    From $                        <span>\n                        20.90                    <\/span>\n                <\/span>\n                <a itemprop=\"url\" href=\"https:\/\/auasetubal.shop\/fr\/categoria-produto\/icones-collection\/\" target=\"_self\"  class=\"edge-btn edge-btn-medium edge-btn-simple\"  >    <span class=\"edge-btn-text\">Shop now<\/span>    <\/a>            <\/div>\n\n        <\/div>\n    <\/div>\n\n<\/div><div class=\"edge-floating-prod-cat \">\n\n    <div class=\"edge-floating-cat-inner\">\n        <div class=\"edge-floating-cat-wrapper\"  style=\"background-image: url(https:\/\/auasetubal.shop\/wp-content\/uploads\/2024\/06\/crianca-cat.jpg)\">\n\n            <div class=\"edge-floating-cat-content\">\n                <h4 class=\"edge-category-title\">\n                    <a href=\"https:\/\/auasetubal.shop\/fr\/categoria-produto\/enfants\/\">\n                        Enfants                    <\/a>\n                <\/h4>\n                                    <span class=\"edge-floating-cat-price-holder\">\n                    From $                        <span>\n                        16.90                    <\/span>\n                <\/span>\n                <a itemprop=\"url\" href=\"https:\/\/auasetubal.shop\/fr\/categoria-produto\/enfants\/\" target=\"_self\"  class=\"edge-btn edge-btn-medium edge-btn-simple\"  >    <span class=\"edge-btn-text\">Shop now<\/span>    <\/a>            <\/div>\n\n        <\/div>\n    <\/div>\n\n<\/div><div class=\"edge-floating-prod-cat \">\n\n    <div class=\"edge-floating-cat-inner\">\n        <div class=\"edge-floating-cat-wrapper\"  >\n\n            <div class=\"edge-floating-cat-content\">\n                <h4 class=\"edge-category-title\">\n                    <a href=\"https:\/\/auasetubal.shop\/fr\/categoria-produto\/setubal-collection-fr\/\">\n                        Set\u00fabal Collection                    <\/a>\n                <\/h4>\n                                    <span class=\"edge-floating-cat-price-holder\">\n                    From $                        <span>\n                        16.90                    <\/span>\n                <\/span>\n                <a itemprop=\"url\" href=\"https:\/\/auasetubal.shop\/fr\/categoria-produto\/setubal-collection-fr\/\" target=\"_self\"  class=\"edge-btn edge-btn-medium edge-btn-simple\"  >    <span class=\"edge-btn-text\">Shop now<\/span>    <\/a>            <\/div>\n\n        <\/div>\n    <\/div>\n\n<\/div>\n\t\t<\/div>\n\t<\/div>\n\n\t\t<\/div>\n\t<\/div>\n<\/div><\/div>[\/vc_column][\/vc_row][\/vc_section][vc_section css=\u00a0\u00bb.vc_custom_1716233611971{margin-top: 100px !important;}\u00a0\u00bb][vc_row][vc_column][vc_row_inner][vc_column_inner width=\u00a0\u00bb1\/2&Prime;]<div class=\"edge-section-title-holder\" style=\"text-align: left\">\n\t\n\t\t<h2 class=\"edge-st-title\" >\n            \n\t\t\t<span>\n                NOUVELLES            <\/span>\n\n            \n\t\t<\/h2>\n\n\t\n<\/div>[\/vc_column_inner][vc_column_inner width=\u00a0\u00bb1\/2&Prime; el_id=\u00a0\u00bbhome-catalog-btn\u00a0\u00bb]<a itemprop=\"url\" href=\"\/catalogo\" target=\"_self\" style=\"color: #ffffff;background-color: #333333;font-size: 16px;font-weight: 500\" class=\"edge-btn edge-btn-medium edge-btn-solid edge-btn-custom-hover-bg edge-btn-custom-hover-color\" data-hover-color=\"#ffffff\" data-hover-bg-color=\"#000000\" >\n    <span class=\"edge-btn-text\">Catalogue entier<\/span>\n    <\/a>[\/vc_column_inner][\/vc_row_inner][vc_empty_space height=\u00a0\u00bb20px\u00a0\u00bb][vc_column_text]<div class=\"woocommerce columns-3 \"><ul class=\"products columns-3\">\n<li class=\"product type-product post-5845 status-publish first instock product_cat-icones has-post-thumbnail taxable shipping-taxable purchasable product-type-variable\">\n\t<div class=\"edge-pl-inner\"><div class=\"edge-pl-image\"><img loading=\"lazy\" decoding=\"async\" width=\"300\" height=\"300\" src=\"https:\/\/auasetubal.shop\/wp-content\/uploads\/2024\/06\/unisex-basic-softstyle-t-shirt-sport-grey-front-666302a1120b5-300x300.jpg\" class=\"attachment-woocommerce_thumbnail size-woocommerce_thumbnail\" alt=\"Bocage Moderno\" srcset=\"https:\/\/auasetubal.shop\/wp-content\/uploads\/2024\/06\/unisex-basic-softstyle-t-shirt-sport-grey-front-666302a1120b5-300x300.jpg 300w, https:\/\/auasetubal.shop\/wp-content\/uploads\/2024\/06\/unisex-basic-softstyle-t-shirt-sport-grey-front-666302a1120b5-150x150.jpg 150w, https:\/\/auasetubal.shop\/wp-content\/uploads\/2024\/06\/unisex-basic-softstyle-t-shirt-sport-grey-front-666302a1120b5-768x768.jpg 768w, https:\/\/auasetubal.shop\/wp-content\/uploads\/2024\/06\/unisex-basic-softstyle-t-shirt-sport-grey-front-666302a1120b5-550x550.jpg 550w, https:\/\/auasetubal.shop\/wp-content\/uploads\/2024\/06\/unisex-basic-softstyle-t-shirt-sport-grey-front-666302a1120b5-600x600.jpg 600w, https:\/\/auasetubal.shop\/wp-content\/uploads\/2024\/06\/unisex-basic-softstyle-t-shirt-sport-grey-front-666302a1120b5-100x100.jpg 100w, https:\/\/auasetubal.shop\/wp-content\/uploads\/2024\/06\/unisex-basic-softstyle-t-shirt-sport-grey-front-666302a1120b5.jpg 1000w\" sizes=\"auto, (max-width: 300px) 100vw, 300px\" \/><div class=\"edge-pl-text\"><div class=\"edge-pl-text-outer\"><div class=\"edge-pl-text-inner\"><\/div><\/div><\/div><\/div><a href=\"https:\/\/auasetubal.shop\/fr\/produto\/bocage-moderno\/\" class=\"woocommerce-LoopProduct-link woocommerce-loop-product__link\"><\/a><\/div><div class=\"edge-pl-text-wrapper\"><h5 class=\"edge-product-list-title\"><a href=\"https:\/\/auasetubal.shop\/fr\/produto\/bocage-moderno\/\">Bocage Moderno<\/a><\/h5>\n\t<span class=\"price\"><span class=\"woocommerce-Price-amount amount\"><bdi>22,00&nbsp;<span class=\"woocommerce-Price-currencySymbol\">&euro;<\/span><\/bdi><\/span><\/span>\n<div class=\"edge-pl-add-to-cart\"><a rel=\"nofollow\" href=\"https:\/\/auasetubal.shop\/fr\/produto\/bocage-moderno\/\" data-quantity=\"1\" data-product_id=\"5845\" data-product_sku=\"\" class=\"product_type_variable add_to_cart_button edge-button\">Choix des options<\/a><\/div><\/div><\/li><li class=\"product type-product post-5870 status-publish instock product_cat-chique has-post-thumbnail featured taxable shipping-taxable purchasable product-type-variable\">\n\t<div class=\"edge-pl-inner\"><div class=\"edge-pl-image\"><img loading=\"lazy\" decoding=\"async\" width=\"300\" height=\"300\" src=\"https:\/\/auasetubal.shop\/wp-content\/uploads\/2024\/06\/unisex-basic-softstyle-t-shirt-black-front-6663030f491ca-300x300.jpg\" class=\"attachment-woocommerce_thumbnail size-woocommerce_thumbnail\" alt=\"Chique A\u00faa\" srcset=\"https:\/\/auasetubal.shop\/wp-content\/uploads\/2024\/06\/unisex-basic-softstyle-t-shirt-black-front-6663030f491ca-300x300.jpg 300w, https:\/\/auasetubal.shop\/wp-content\/uploads\/2024\/06\/unisex-basic-softstyle-t-shirt-black-front-6663030f491ca-150x150.jpg 150w, https:\/\/auasetubal.shop\/wp-content\/uploads\/2024\/06\/unisex-basic-softstyle-t-shirt-black-front-6663030f491ca-768x768.jpg 768w, https:\/\/auasetubal.shop\/wp-content\/uploads\/2024\/06\/unisex-basic-softstyle-t-shirt-black-front-6663030f491ca-550x550.jpg 550w, https:\/\/auasetubal.shop\/wp-content\/uploads\/2024\/06\/unisex-basic-softstyle-t-shirt-black-front-6663030f491ca-600x600.jpg 600w, https:\/\/auasetubal.shop\/wp-content\/uploads\/2024\/06\/unisex-basic-softstyle-t-shirt-black-front-6663030f491ca-100x100.jpg 100w, https:\/\/auasetubal.shop\/wp-content\/uploads\/2024\/06\/unisex-basic-softstyle-t-shirt-black-front-6663030f491ca.jpg 1000w\" sizes=\"auto, (max-width: 300px) 100vw, 300px\" \/><div class=\"edge-pl-text\"><div class=\"edge-pl-text-outer\"><div class=\"edge-pl-text-inner\"><\/div><\/div><\/div><\/div><a href=\"https:\/\/auasetubal.shop\/fr\/produto\/chique-aua\/\" class=\"woocommerce-LoopProduct-link woocommerce-loop-product__link\"><\/a><\/div><div class=\"edge-pl-text-wrapper\"><h5 class=\"edge-product-list-title\"><a href=\"https:\/\/auasetubal.shop\/fr\/produto\/chique-aua\/\">Chique A\u00faa<\/a><\/h5>\n\t<span class=\"price\"><span class=\"woocommerce-Price-amount amount\"><bdi>20,90&nbsp;<span class=\"woocommerce-Price-currencySymbol\">&euro;<\/span><\/bdi><\/span><\/span>\n<div class=\"edge-pl-add-to-cart\"><a rel=\"nofollow\" href=\"https:\/\/auasetubal.shop\/fr\/produto\/chique-aua\/\" data-quantity=\"1\" data-product_id=\"5870\" data-product_sku=\"\" class=\"product_type_variable add_to_cart_button edge-button\">Choix des options<\/a><\/div><\/div><\/li><li class=\"product type-product post-5928 status-publish last instock product_cat-choco has-post-thumbnail featured taxable shipping-taxable purchasable product-type-variable\">\n\t<div class=\"edge-pl-inner\"><div class=\"edge-pl-image\"><img loading=\"lazy\" decoding=\"async\" width=\"300\" height=\"300\" src=\"https:\/\/auasetubal.shop\/wp-content\/uploads\/2024\/06\/unisex-basic-softstyle-t-shirt-sport-grey-front-666314cf33cdf-300x300.jpg\" class=\"attachment-woocommerce_thumbnail size-woocommerce_thumbnail\" alt=\"Choco\" srcset=\"https:\/\/auasetubal.shop\/wp-content\/uploads\/2024\/06\/unisex-basic-softstyle-t-shirt-sport-grey-front-666314cf33cdf-300x300.jpg 300w, https:\/\/auasetubal.shop\/wp-content\/uploads\/2024\/06\/unisex-basic-softstyle-t-shirt-sport-grey-front-666314cf33cdf-150x150.jpg 150w, https:\/\/auasetubal.shop\/wp-content\/uploads\/2024\/06\/unisex-basic-softstyle-t-shirt-sport-grey-front-666314cf33cdf-768x768.jpg 768w, https:\/\/auasetubal.shop\/wp-content\/uploads\/2024\/06\/unisex-basic-softstyle-t-shirt-sport-grey-front-666314cf33cdf-550x550.jpg 550w, https:\/\/auasetubal.shop\/wp-content\/uploads\/2024\/06\/unisex-basic-softstyle-t-shirt-sport-grey-front-666314cf33cdf-600x600.jpg 600w, https:\/\/auasetubal.shop\/wp-content\/uploads\/2024\/06\/unisex-basic-softstyle-t-shirt-sport-grey-front-666314cf33cdf-100x100.jpg 100w, https:\/\/auasetubal.shop\/wp-content\/uploads\/2024\/06\/unisex-basic-softstyle-t-shirt-sport-grey-front-666314cf33cdf.jpg 1000w\" sizes=\"auto, (max-width: 300px) 100vw, 300px\" \/><div class=\"edge-pl-text\"><div class=\"edge-pl-text-outer\"><div class=\"edge-pl-text-inner\"><\/div><\/div><\/div><\/div><a href=\"https:\/\/auasetubal.shop\/fr\/produto\/choco\/\" class=\"woocommerce-LoopProduct-link woocommerce-loop-product__link\"><\/a><\/div><div class=\"edge-pl-text-wrapper\"><h5 class=\"edge-product-list-title\"><a href=\"https:\/\/auasetubal.shop\/fr\/produto\/choco\/\">Choco<\/a><\/h5>\n\t<span class=\"price\"><span class=\"woocommerce-Price-amount amount\"><bdi>20,90&nbsp;<span class=\"woocommerce-Price-currencySymbol\">&euro;<\/span><\/bdi><\/span><\/span>\n<div class=\"edge-pl-add-to-cart\"><a rel=\"nofollow\" href=\"https:\/\/auasetubal.shop\/fr\/produto\/choco\/\" data-quantity=\"1\" data-product_id=\"5928\" data-product_sku=\"\" class=\"product_type_variable add_to_cart_button edge-button\">Choix des options<\/a><\/div><\/div><\/li><li class=\"product type-product post-5980 status-publish first instock product_cat-baloes has-post-thumbnail featured taxable shipping-taxable purchasable product-type-variable\">\n\t<div class=\"edge-pl-inner\"><div class=\"edge-pl-image\"><img loading=\"lazy\" decoding=\"async\" width=\"300\" height=\"300\" src=\"https:\/\/auasetubal.shop\/wp-content\/uploads\/2024\/06\/unisex-basic-softstyle-t-shirt-black-front-666315d9a15e9-300x300.jpg\" class=\"attachment-woocommerce_thumbnail size-woocommerce_thumbnail\" alt=\"Bal\u00e3o A\u00faa\" srcset=\"https:\/\/auasetubal.shop\/wp-content\/uploads\/2024\/06\/unisex-basic-softstyle-t-shirt-black-front-666315d9a15e9-300x300.jpg 300w, https:\/\/auasetubal.shop\/wp-content\/uploads\/2024\/06\/unisex-basic-softstyle-t-shirt-black-front-666315d9a15e9-150x150.jpg 150w, https:\/\/auasetubal.shop\/wp-content\/uploads\/2024\/06\/unisex-basic-softstyle-t-shirt-black-front-666315d9a15e9-768x768.jpg 768w, https:\/\/auasetubal.shop\/wp-content\/uploads\/2024\/06\/unisex-basic-softstyle-t-shirt-black-front-666315d9a15e9-550x550.jpg 550w, https:\/\/auasetubal.shop\/wp-content\/uploads\/2024\/06\/unisex-basic-softstyle-t-shirt-black-front-666315d9a15e9-600x600.jpg 600w, https:\/\/auasetubal.shop\/wp-content\/uploads\/2024\/06\/unisex-basic-softstyle-t-shirt-black-front-666315d9a15e9-100x100.jpg 100w, https:\/\/auasetubal.shop\/wp-content\/uploads\/2024\/06\/unisex-basic-softstyle-t-shirt-black-front-666315d9a15e9.jpg 1000w\" sizes=\"auto, (max-width: 300px) 100vw, 300px\" \/><div class=\"edge-pl-text\"><div class=\"edge-pl-text-outer\"><div class=\"edge-pl-text-inner\"><\/div><\/div><\/div><\/div><a href=\"https:\/\/auasetubal.shop\/fr\/produto\/balao-aua\/\" class=\"woocommerce-LoopProduct-link woocommerce-loop-product__link\"><\/a><\/div><div class=\"edge-pl-text-wrapper\"><h5 class=\"edge-product-list-title\"><a href=\"https:\/\/auasetubal.shop\/fr\/produto\/balao-aua\/\">Bal\u00e3o A\u00faa<\/a><\/h5>\n\t<span class=\"price\"><span class=\"woocommerce-Price-amount amount\"><bdi>20,90&nbsp;<span class=\"woocommerce-Price-currencySymbol\">&euro;<\/span><\/bdi><\/span><\/span>\n<div class=\"edge-pl-add-to-cart\"><a rel=\"nofollow\" href=\"https:\/\/auasetubal.shop\/fr\/produto\/balao-aua\/\" data-quantity=\"1\" data-product_id=\"5980\" data-product_sku=\"\" class=\"product_type_variable add_to_cart_button edge-button\">Choix des options<\/a><\/div><\/div><\/li><li class=\"product type-product post-6110 status-publish instock product_cat-baloes product_cat-crianca has-post-thumbnail taxable shipping-taxable purchasable product-type-variable\">\n\t<div class=\"edge-pl-inner\"><div class=\"edge-pl-image\"><img loading=\"lazy\" decoding=\"async\" width=\"300\" height=\"300\" src=\"https:\/\/auasetubal.shop\/wp-content\/uploads\/2024\/06\/youth-classic-tee-gold-front-66688cb0aea7f-300x300.jpg\" class=\"attachment-woocommerce_thumbnail size-woocommerce_thumbnail\" alt=\"Bal\u00e3o A\u00faa Crian\u00e7a\" srcset=\"https:\/\/auasetubal.shop\/wp-content\/uploads\/2024\/06\/youth-classic-tee-gold-front-66688cb0aea7f-300x300.jpg 300w, https:\/\/auasetubal.shop\/wp-content\/uploads\/2024\/06\/youth-classic-tee-gold-front-66688cb0aea7f-1024x1024.jpg 1024w, https:\/\/auasetubal.shop\/wp-content\/uploads\/2024\/06\/youth-classic-tee-gold-front-66688cb0aea7f-150x150.jpg 150w, https:\/\/auasetubal.shop\/wp-content\/uploads\/2024\/06\/youth-classic-tee-gold-front-66688cb0aea7f-768x768.jpg 768w, https:\/\/auasetubal.shop\/wp-content\/uploads\/2024\/06\/youth-classic-tee-gold-front-66688cb0aea7f-1536x1536.jpg 1536w, https:\/\/auasetubal.shop\/wp-content\/uploads\/2024\/06\/youth-classic-tee-gold-front-66688cb0aea7f-550x550.jpg 550w, https:\/\/auasetubal.shop\/wp-content\/uploads\/2024\/06\/youth-classic-tee-gold-front-66688cb0aea7f-1100x1100.jpg 1100w, https:\/\/auasetubal.shop\/wp-content\/uploads\/2024\/06\/youth-classic-tee-gold-front-66688cb0aea7f-600x600.jpg 600w, https:\/\/auasetubal.shop\/wp-content\/uploads\/2024\/06\/youth-classic-tee-gold-front-66688cb0aea7f-100x100.jpg 100w\" sizes=\"auto, (max-width: 300px) 100vw, 300px\" \/><div class=\"edge-pl-text\"><div class=\"edge-pl-text-outer\"><div class=\"edge-pl-text-inner\"><\/div><\/div><\/div><\/div><a href=\"https:\/\/auasetubal.shop\/fr\/produto\/crianca-balao-aua\/\" class=\"woocommerce-LoopProduct-link woocommerce-loop-product__link\"><\/a><\/div><div class=\"edge-pl-text-wrapper\"><h5 class=\"edge-product-list-title\"><a href=\"https:\/\/auasetubal.shop\/fr\/produto\/crianca-balao-aua\/\">Bal\u00e3o A\u00faa Crian\u00e7a<\/a><\/h5>\n\t<span class=\"price\"><span class=\"woocommerce-Price-amount amount\"><bdi>16,90&nbsp;<span class=\"woocommerce-Price-currencySymbol\">&euro;<\/span><\/bdi><\/span><\/span>\n<div class=\"edge-pl-add-to-cart\"><a rel=\"nofollow\" href=\"https:\/\/auasetubal.shop\/fr\/produto\/crianca-balao-aua\/\" data-quantity=\"1\" data-product_id=\"6110\" data-product_sku=\"\" class=\"product_type_variable add_to_cart_button edge-button\">Choix des options<\/a><\/div><\/div><\/li><li class=\"product type-product post-5810 status-publish last instock product_cat-icones has-post-thumbnail featured taxable shipping-taxable purchasable product-type-variable\">\n\t<div class=\"edge-pl-inner\"><div class=\"edge-pl-image\"><img loading=\"lazy\" decoding=\"async\" width=\"300\" height=\"300\" src=\"https:\/\/auasetubal.shop\/wp-content\/uploads\/2024\/06\/unisex-basic-softstyle-t-shirt-black-front-6662ffdd9c10a-300x300.jpg\" class=\"attachment-woocommerce_thumbnail size-woocommerce_thumbnail\" alt=\"Bocage Cl\u00e1ssico\" srcset=\"https:\/\/auasetubal.shop\/wp-content\/uploads\/2024\/06\/unisex-basic-softstyle-t-shirt-black-front-6662ffdd9c10a-300x300.jpg 300w, https:\/\/auasetubal.shop\/wp-content\/uploads\/2024\/06\/unisex-basic-softstyle-t-shirt-black-front-6662ffdd9c10a-150x150.jpg 150w, https:\/\/auasetubal.shop\/wp-content\/uploads\/2024\/06\/unisex-basic-softstyle-t-shirt-black-front-6662ffdd9c10a-768x768.jpg 768w, https:\/\/auasetubal.shop\/wp-content\/uploads\/2024\/06\/unisex-basic-softstyle-t-shirt-black-front-6662ffdd9c10a-550x550.jpg 550w, https:\/\/auasetubal.shop\/wp-content\/uploads\/2024\/06\/unisex-basic-softstyle-t-shirt-black-front-6662ffdd9c10a-600x600.jpg 600w, https:\/\/auasetubal.shop\/wp-content\/uploads\/2024\/06\/unisex-basic-softstyle-t-shirt-black-front-6662ffdd9c10a-100x100.jpg 100w, https:\/\/auasetubal.shop\/wp-content\/uploads\/2024\/06\/unisex-basic-softstyle-t-shirt-black-front-6662ffdd9c10a.jpg 1000w\" sizes=\"auto, (max-width: 300px) 100vw, 300px\" \/><div class=\"edge-pl-text\"><div class=\"edge-pl-text-outer\"><div class=\"edge-pl-text-inner\"><\/div><\/div><\/div><\/div><a href=\"https:\/\/auasetubal.shop\/fr\/produto\/bocage-classico\/\" class=\"woocommerce-LoopProduct-link woocommerce-loop-product__link\"><\/a><\/div><div class=\"edge-pl-text-wrapper\"><h5 class=\"edge-product-list-title\"><a href=\"https:\/\/auasetubal.shop\/fr\/produto\/bocage-classico\/\">Bocage Cl\u00e1ssico<\/a><\/h5>\n\t<span class=\"price\"><span class=\"woocommerce-Price-amount amount\"><bdi>20,90&nbsp;<span class=\"woocommerce-Price-currencySymbol\">&euro;<\/span><\/bdi><\/span><\/span>\n<div class=\"edge-pl-add-to-cart\"><a rel=\"nofollow\" href=\"https:\/\/auasetubal.shop\/fr\/produto\/bocage-classico\/\" data-quantity=\"1\" data-product_id=\"5810\" data-product_sku=\"\" class=\"product_type_variable add_to_cart_button edge-button\">Choix des options<\/a><\/div><\/div><\/li><\/ul>\n<\/div>[\/vc_column_text][\/vc_column][\/vc_row][\/vc_section]<\/p>\n<\/div>","protected":false},"excerpt":{"rendered":"<p>[vc_section][vc_row el_class=\u00a0\u00bbaua-hero\u00a0\u00bb css=\u00a0\u00bb.vc_custom_1716232269979{background-image: url(https:\/\/auasetubal.shop\/wp-content\/uploads\/2024\/05\/hero-bg.jpg?id=81) !important;background-position: center !important;background-repeat: no-repeat !important;background-size: cover !important;}\u00a0\u00bb][vc_column css=\u00a0\u00bb.vc_custom_1716232260046{background-position: center !important;background-repeat: no-repeat !important;background-size: cover !important;}\u00a0\u00bb][vc_column_text] Set\u00fabal sur la peau. On peut maintenant montrer l&rsquo;amour pour la plus belle ville de la plan\u00e8te. Emporte avec toi l&rsquo;\u00e2me de [&hellip;]<\/p>\n","protected":false},"author":1,"featured_media":0,"parent":0,"menu_order":0,"comment_status":"closed","ping_status":"closed","template":"","meta":{"inline_featured_image":false,"footnotes":""},"class_list":["post-5574","page","type-page","status-publish","hentry"],"jetpack_sharing_enabled":true,"_links":{"self":[{"href":"https:\/\/auasetubal.shop\/fr\/wp-json\/wp\/v2\/pages\/5574","targetHints":{"allow":["GET"]}}],"collection":[{"href":"https:\/\/auasetubal.shop\/fr\/wp-json\/wp\/v2\/pages"}],"about":[{"href":"https:\/\/auasetubal.shop\/fr\/wp-json\/wp\/v2\/types\/page"}],"author":[{"embeddable":true,"href":"https:\/\/auasetubal.shop\/fr\/wp-json\/wp\/v2\/users\/1"}],"replies":[{"embeddable":true,"href":"https:\/\/auasetubal.shop\/fr\/wp-json\/wp\/v2\/comments?post=5574"}],"version-history":[{"count":6,"href":"https:\/\/auasetubal.shop\/fr\/wp-json\/wp\/v2\/pages\/5574\/revisions"}],"predecessor-version":[{"id":6635,"href":"https:\/\/auasetubal.shop\/fr\/wp-json\/wp\/v2\/pages\/5574\/revisions\/6635"}],"wp:attachment":[{"href":"https:\/\/auasetubal.shop\/fr\/wp-json\/wp\/v2\/media?parent=5574"}],"curies":[{"name":"wp","href":"https:\/\/api.w.org\/{rel}","templated":true}]}}