{"id":7149,"date":"2025-03-17T18:49:52","date_gmt":"2025-03-17T18:49:52","guid":{"rendered":"https:\/\/auasetubal.shop\/produto\/camisola-com-capuz-choco\/"},"modified":"2025-07-15T10:36:14","modified_gmt":"2025-07-15T10:36:14","slug":"camisola-com-capuz-choco","status":"publish","type":"product","link":"https:\/\/auasetubal.shop\/en\/produto\/camisola-com-capuz-choco\/","title":{"rendered":"Camisola com capuz unisexo Choco"},"content":{"rendered":"<p>\u2022 50% algod\u00e3o pr\u00e9-encolhido, 50% poli\u00e9ster<br \/>\n\u2022 Gramagem do tecido: 271,25 g\/m\u00b2 (8,0 oz\/yd\u00b2)<br \/>\n\u2022 Fia\u00e7\u00e3o a jacto de ar com toque macio e menos forma\u00e7\u00e3o de bolinhas<br \/>\n\u2022 Capuz com forro duplo e cord\u00e3o em cor correspondente<br \/>\n\u2022 Corpo com um quarto de volta para evitar a forma\u00e7\u00e3o de vincos no meio<br \/>\n\u2022 Punhos desportivos de malha canelada 1&#215;1 e c\u00f3s com elastano<br \/>\n\u2022 Bolso frontal<br \/>\n\u2022 Gola, ombros, cavas, punhos e bainha costurados com agulha dupla<br \/>\n\u2022 Produto em branco proveniente de Bangladesh, Nicar\u00e1gua, Honduras ou El Salvador<\/p>\n<p>\u2022 Rastreio de produto:<br \/>\n&#8211; Costura\u2014Honduras, Bangladesh<br \/>\n&#8211; Tintura\u2014Honduras, Bangladesh<br \/>\n&#8211; Manufactura\u2014Nicaragua, Honduras, Bangladesh, or El Salvador<\/p>\n<p>\u2022 Cont\u00e9m 0% poli\u00e9ster reciclado<br \/>\n\u2022 Cont\u00e9m 0% subst\u00e2ncias perigosas<br \/>\n\u2022 Este produto liberta microfibras pl\u00e1sticas durante a lavagem<\/p>\n<p>Restri\u00e7\u00e3o idade: Para adultos<br \/>\nGarantia UE: 2 anos<br \/>\nOutras informa\u00e7\u00f5es de conformidade: Cumpre os requisitos de formalde\u00eddo, inflamabilidade, chumbo, c\u00e1dmio e n\u00edveis de ftalatos.<\/p>\n<p>Em conformidade com o Regulamento Geral de Seguran\u00e7a dos Produtos (RGPS), a The Creative Farm, Lda. garante que todos os produtos de consumo oferecidos s\u00e3o seguros e cumprem as normas da UE. Para quaisquer d\u00favidas ou preocupa\u00e7\u00f5es relacionadas com a seguran\u00e7a do produto, por favor contacte-nos atrav\u00e9s do e-mail help@auasetubal.shop ou escreva para Rua Frei Ant\u00f3nio das Chagas 1, 4\u00baEsq. 2900-091 Set\u00fabal.<\/p>\n","protected":false},"excerpt":{"rendered":"<p>\u2022 50% algod\u00e3o pr\u00e9-encolhido, 50% poli\u00e9ster \u2022 Gramagem do tecido: 271,25 g\/m\u00b2 (8,0 oz\/yd\u00b2) \u2022 Fia\u00e7\u00e3o a jacto de ar com toque macio e menos forma\u00e7\u00e3o de bolinhas \u2022 Capuz com forro duplo e cord\u00e3o em cor correspondente \u2022 Corpo [&hellip;]<\/p>\n","protected":false},"featured_media":7216,"template":"","meta":{"inline_featured_image":false},"product_brand":[],"product_cat":[206],"product_tag":[],"class_list":{"0":"post-7149","1":"product","2":"type-product","3":"status-publish","4":"has-post-thumbnail","6":"product_cat-baloes","8":"first","9":"instock","10":"taxable","11":"shipping-taxable","12":"purchasable","13":"product-type-variable"},"jetpack_sharing_enabled":true,"_links":{"self":[{"href":"https:\/\/auasetubal.shop\/en\/wp-json\/wp\/v2\/product\/7149","targetHints":{"allow":["GET"]}}],"collection":[{"href":"https:\/\/auasetubal.shop\/en\/wp-json\/wp\/v2\/product"}],"about":[{"href":"https:\/\/auasetubal.shop\/en\/wp-json\/wp\/v2\/types\/product"}],"wp:featuredmedia":[{"embeddable":true,"href":"https:\/\/auasetubal.shop\/en\/wp-json\/wp\/v2\/media\/7216"}],"wp:attachment":[{"href":"https:\/\/auasetubal.shop\/en\/wp-json\/wp\/v2\/media?parent=7149"}],"wp:term":[{"taxonomy":"product_brand","embeddable":true,"href":"https:\/\/auasetubal.shop\/en\/wp-json\/wp\/v2\/product_brand?post=7149"},{"taxonomy":"product_cat","embeddable":true,"href":"https:\/\/auasetubal.shop\/en\/wp-json\/wp\/v2\/product_cat?post=7149"},{"taxonomy":"product_tag","embeddable":true,"href":"https:\/\/auasetubal.shop\/en\/wp-json\/wp\/v2\/product_tag?post=7149"}],"curies":[{"name":"wp","href":"https:\/\/api.w.org\/{rel}","templated":true}]}}