{"id":6792,"date":"2024-06-26T11:18:53","date_gmt":"2024-06-26T11:18:53","guid":{"rendered":"https:\/\/auasetubal.shop\/produto\/stb-todi\/"},"modified":"2025-03-17T21:46:51","modified_gmt":"2025-03-17T21:46:51","slug":"stb-todi","status":"publish","type":"product","link":"https:\/\/auasetubal.shop\/en\/produto\/stb-todi\/","title":{"rendered":"STB Todi"},"content":{"rendered":"<p>Lu\u00edsa Todi, nascida em Lisboa em 1753 mas profundamente ligada a Set\u00fabal, destacou-se como uma das mais not\u00e1veis cantoras l\u00edricas portuguesas de todos os tempos, conquistando os maiores palcos europeus durante o s\u00e9culo XVIII. A sua extraordin\u00e1ria voz de soprano e t\u00e9cnica refinada fizeram-na brilhar em teatros de renome como La Scala de Mil\u00e3o, a \u00d3pera de Paris e as cortes da R\u00fassia, sendo aclamada por monarcas e m\u00fasicos ilustres como Joseph Haydn, que a considerava a melhor cantora da Europa.<\/p>\n<p>A sua influ\u00eancia na cultura setubalense continua a inspirar gera\u00e7\u00f5es de artistas, sendo justamente considerada uma das figuras mais emblem\u00e1ticas da identidade cultural da cidade.<br \/>\n\u00c9 a tua pele. Veste-a.<\/p>\n<p>&#8212;<br \/>\n\u2022 100% algod\u00e3o fiado em anel<br \/>\n\u2022 Cinza claro 90% algod\u00e3o fiado em anel e 10% poli\u00e9ster<br \/>\n\u2022 153 g\/m\u00b2 (4,5 oz\/yd\u00b2)<br \/>\n\u2022 Costura de refor\u00e7o ombro a ombro<br \/>\n\u2022 Com rota\u00e7\u00e3o de um quarto de volta para evitar a forma\u00e7\u00e3o de vincos no meio<\/p>\n<p>Este produto \u00e9 feito para adultos.<br \/>\nCumpre os requisitos de inflamabilidade, chumbo, c\u00e1dmio, ftalatos e n\u00edvel de formalde\u00eddo.<br \/>\nGarantia de 2 anos no EEE e no Reino Unido, estabelecida pela Directiva 1999\/44\/CE.<\/p>\n","protected":false},"excerpt":{"rendered":"<p>Lu\u00edsa Todi, nascida em Lisboa em 1753 mas profundamente ligada a Set\u00fabal, destacou-se como uma das mais not\u00e1veis cantoras l\u00edricas portuguesas de todos os tempos, conquistando os maiores palcos europeus durante o s\u00e9culo XVIII. A sua extraordin\u00e1ria voz de soprano [&hellip;]<\/p>\n","protected":false},"featured_media":6811,"template":"","meta":{"inline_featured_image":false},"product_brand":[],"product_cat":[294],"product_tag":[],"class_list":{"0":"post-6792","1":"product","2":"type-product","3":"status-publish","4":"has-post-thumbnail","6":"product_cat-setubal","8":"first","9":"instock","10":"taxable","11":"shipping-taxable","12":"purchasable","13":"product-type-variable"},"jetpack_sharing_enabled":true,"_links":{"self":[{"href":"https:\/\/auasetubal.shop\/en\/wp-json\/wp\/v2\/product\/6792","targetHints":{"allow":["GET"]}}],"collection":[{"href":"https:\/\/auasetubal.shop\/en\/wp-json\/wp\/v2\/product"}],"about":[{"href":"https:\/\/auasetubal.shop\/en\/wp-json\/wp\/v2\/types\/product"}],"wp:featuredmedia":[{"embeddable":true,"href":"https:\/\/auasetubal.shop\/en\/wp-json\/wp\/v2\/media\/6811"}],"wp:attachment":[{"href":"https:\/\/auasetubal.shop\/en\/wp-json\/wp\/v2\/media?parent=6792"}],"wp:term":[{"taxonomy":"product_brand","embeddable":true,"href":"https:\/\/auasetubal.shop\/en\/wp-json\/wp\/v2\/product_brand?post=6792"},{"taxonomy":"product_cat","embeddable":true,"href":"https:\/\/auasetubal.shop\/en\/wp-json\/wp\/v2\/product_cat?post=6792"},{"taxonomy":"product_tag","embeddable":true,"href":"https:\/\/auasetubal.shop\/en\/wp-json\/wp\/v2\/product_tag?post=6792"}],"curies":[{"name":"wp","href":"https:\/\/api.w.org\/{rel}","templated":true}]}}