{"id":6110,"date":"2024-06-11T17:43:29","date_gmt":"2024-06-11T17:43:29","guid":{"rendered":"https:\/\/auasetubal.shop\/produto\/crianca-balao-aua\/"},"modified":"2025-03-17T21:36:05","modified_gmt":"2025-03-17T21:36:05","slug":"crianca-balao-aua","status":"publish","type":"product","link":"https:\/\/auasetubal.shop\/en\/produto\/crianca-balao-aua\/","title":{"rendered":"Bal\u00e3o A\u00faa Crian\u00e7a"},"content":{"rendered":"<p>\u2022 100% algod\u00e3o<br \/>\n\u2022 Cinza claro \u00e9 90% algod\u00e3o, 10% poli\u00e9ster<br \/>\n\u2022 Peso do tecido: 180 g\/m\u00b2<br \/>\n\u2022 Tecido pr\u00e9-encolhido<br \/>\n\u2022 Ajuste cl\u00e1ssico<br \/>\n\u2022 Pesco\u00e7o e ombros colados<br \/>\n\u2022 Etiqueta destac\u00e1vel<br \/>\n\u2022 Feito com corantes de baixo impacto certificados pela OEKO-TEX<\/p>\n<p>Este produto \u00e9 feito para crian\u00e7as.<br \/>\nCumpre os requisitos de n\u00edvel de formalde\u00eddo, ftalatos, chumbo e inflamabilidade.<br \/>\nGarantia de 2 anos no EEE e no Reino Unido, estabelecida pela Directiva 1999\/44\/CE.<\/p>\n","protected":false},"excerpt":{"rendered":"<p>\u2022 100% algod\u00e3o \u2022 Cinza claro \u00e9 90% algod\u00e3o, 10% poli\u00e9ster \u2022 Peso do tecido: 180 g\/m\u00b2 \u2022 Tecido pr\u00e9-encolhido \u2022 Ajuste cl\u00e1ssico \u2022 Pesco\u00e7o e ombros colados \u2022 Etiqueta destac\u00e1vel \u2022 Feito com corantes de baixo impacto certificados pela [&hellip;]<\/p>\n","protected":false},"featured_media":6162,"template":"","meta":{"inline_featured_image":false},"product_brand":[],"product_cat":[206,242],"product_tag":[],"class_list":{"0":"post-6110","1":"product","2":"type-product","3":"status-publish","4":"has-post-thumbnail","6":"product_cat-baloes","7":"product_cat-crianca","9":"first","10":"instock","11":"taxable","12":"shipping-taxable","13":"purchasable","14":"product-type-variable"},"jetpack_sharing_enabled":true,"_links":{"self":[{"href":"https:\/\/auasetubal.shop\/en\/wp-json\/wp\/v2\/product\/6110","targetHints":{"allow":["GET"]}}],"collection":[{"href":"https:\/\/auasetubal.shop\/en\/wp-json\/wp\/v2\/product"}],"about":[{"href":"https:\/\/auasetubal.shop\/en\/wp-json\/wp\/v2\/types\/product"}],"wp:featuredmedia":[{"embeddable":true,"href":"https:\/\/auasetubal.shop\/en\/wp-json\/wp\/v2\/media\/6162"}],"wp:attachment":[{"href":"https:\/\/auasetubal.shop\/en\/wp-json\/wp\/v2\/media?parent=6110"}],"wp:term":[{"taxonomy":"product_brand","embeddable":true,"href":"https:\/\/auasetubal.shop\/en\/wp-json\/wp\/v2\/product_brand?post=6110"},{"taxonomy":"product_cat","embeddable":true,"href":"https:\/\/auasetubal.shop\/en\/wp-json\/wp\/v2\/product_cat?post=6110"},{"taxonomy":"product_tag","embeddable":true,"href":"https:\/\/auasetubal.shop\/en\/wp-json\/wp\/v2\/product_tag?post=6110"}],"curies":[{"name":"wp","href":"https:\/\/api.w.org\/{rel}","templated":true}]}}